{"id":16064,"date":"2023-08-21T07:20:53","date_gmt":"2023-08-21T07:20:53","guid":{"rendered":"https:\/\/h35.ro\/?page_id=16064"},"modified":"2023-08-24T19:57:25","modified_gmt":"2023-08-24T19:57:25","slug":"2camere","status":"publish","type":"page","link":"https:\/\/h35.ro\/index.php\/2camere\/","title":{"rendered":"2 camere"},"content":{"rendered":"<section class=\"wpb-content-wrapper\"><p>[vc_row css_animation=&#8221;&#8221; row_type=&#8221;row&#8221; use_row_as_full_screen_section=&#8221;no&#8221; type=&#8221;grid&#8221; angled_section=&#8221;no&#8221; text_align=&#8221;left&#8221; background_image_as_pattern=&#8221;without_pattern&#8221; css=&#8221;.vc_custom_1691934933229{padding-top: 155px !important;padding-bottom: 141px !important;}&#8221; z_index=&#8221;&#8221;][vc_column width=&#8221;1\/2&#8243;]<div class=\"qode-advanced-image-gallery  qode-aig-grid-type qode-large-space   \">\n\t<div class=\"qode-aig-inner qode-outer-space qode-aig-grid qode-aig-two-columns\">\n\t\t\t\t\t<div class=\"qode-aig-image qode-item-space\">\n\t\t\t\t<div class=\"qode-aig-image-inner\">\n\t\t\t\t\t\t\t\t\t\t\t<img loading=\"lazy\" decoding=\"async\" width=\"2560\" height=\"2048\" src=\"https:\/\/h35.ro\/wp-content\/uploads\/2023\/08\/05-scaled.jpg\" class=\"attachment-full size-full\" alt=\"\" srcset=\"https:\/\/h35.ro\/wp-content\/uploads\/2023\/08\/05-scaled.jpg 2560w, https:\/\/h35.ro\/wp-content\/uploads\/2023\/08\/05-300x240.jpg 300w, https:\/\/h35.ro\/wp-content\/uploads\/2023\/08\/05-1024x819.jpg 1024w, https:\/\/h35.ro\/wp-content\/uploads\/2023\/08\/05-768x614.jpg 768w, https:\/\/h35.ro\/wp-content\/uploads\/2023\/08\/05-1536x1229.jpg 1536w, https:\/\/h35.ro\/wp-content\/uploads\/2023\/08\/05-2048x1638.jpg 2048w, https:\/\/h35.ro\/wp-content\/uploads\/2023\/08\/05-700x560.jpg 700w\" sizes=\"auto, (max-width: 2560px) 100vw, 2560px\" \/>\t\t\t\t\t\t<span class=\"aig-gallery-hover\">\n\t\t\t\t\t\t\t\t\t\t\t\t\t<\/span>\n\t\t\t\t\t\t\t\t\t<\/div>\n\t\t\t<\/div>\n\t\t\t\t\t<div class=\"qode-aig-image qode-item-space\">\n\t\t\t\t<div class=\"qode-aig-image-inner\">\n\t\t\t\t\t\t\t\t\t\t\t<img loading=\"lazy\" decoding=\"async\" width=\"2560\" height=\"1697\" src=\"https:\/\/h35.ro\/wp-content\/uploads\/2023\/08\/04-scaled.jpg\" class=\"attachment-full size-full\" alt=\"\" srcset=\"https:\/\/h35.ro\/wp-content\/uploads\/2023\/08\/04-scaled.jpg 2560w, https:\/\/h35.ro\/wp-content\/uploads\/2023\/08\/04-300x199.jpg 300w, https:\/\/h35.ro\/wp-content\/uploads\/2023\/08\/04-1024x679.jpg 1024w, https:\/\/h35.ro\/wp-content\/uploads\/2023\/08\/04-768x509.jpg 768w, https:\/\/h35.ro\/wp-content\/uploads\/2023\/08\/04-1536x1018.jpg 1536w, https:\/\/h35.ro\/wp-content\/uploads\/2023\/08\/04-2048x1358.jpg 2048w, https:\/\/h35.ro\/wp-content\/uploads\/2023\/08\/04-700x464.jpg 700w\" sizes=\"auto, (max-width: 2560px) 100vw, 2560px\" \/>\t\t\t\t\t\t<span class=\"aig-gallery-hover\">\n\t\t\t\t\t\t\t\t\t\t\t\t\t<\/span>\n\t\t\t\t\t\t\t\t\t<\/div>\n\t\t\t<\/div>\n\t\t\t\t\t<div class=\"qode-aig-image qode-item-space\">\n\t\t\t\t<div class=\"qode-aig-image-inner\">\n\t\t\t\t\t\t\t\t\t\t\t<img loading=\"lazy\" decoding=\"async\" width=\"2560\" height=\"2048\" src=\"https:\/\/h35.ro\/wp-content\/uploads\/2023\/08\/03-scaled.jpg\" class=\"attachment-full size-full\" alt=\"\" srcset=\"https:\/\/h35.ro\/wp-content\/uploads\/2023\/08\/03-scaled.jpg 2560w, https:\/\/h35.ro\/wp-content\/uploads\/2023\/08\/03-300x240.jpg 300w, https:\/\/h35.ro\/wp-content\/uploads\/2023\/08\/03-1024x819.jpg 1024w, https:\/\/h35.ro\/wp-content\/uploads\/2023\/08\/03-768x614.jpg 768w, https:\/\/h35.ro\/wp-content\/uploads\/2023\/08\/03-1536x1229.jpg 1536w, https:\/\/h35.ro\/wp-content\/uploads\/2023\/08\/03-2048x1638.jpg 2048w, https:\/\/h35.ro\/wp-content\/uploads\/2023\/08\/03-700x560.jpg 700w\" sizes=\"auto, (max-width: 2560px) 100vw, 2560px\" \/>\t\t\t\t\t\t<span class=\"aig-gallery-hover\">\n\t\t\t\t\t\t\t\t\t\t\t\t\t<\/span>\n\t\t\t\t\t\t\t\t\t<\/div>\n\t\t\t<\/div>\n\t\t\t\t\t<div class=\"qode-aig-image qode-item-space\">\n\t\t\t\t<div class=\"qode-aig-image-inner\">\n\t\t\t\t\t\t\t\t\t\t\t<img loading=\"lazy\" decoding=\"async\" width=\"2560\" height=\"2048\" src=\"https:\/\/h35.ro\/wp-content\/uploads\/2023\/08\/02-scaled.jpg\" class=\"attachment-full size-full\" alt=\"\" srcset=\"https:\/\/h35.ro\/wp-content\/uploads\/2023\/08\/02-scaled.jpg 2560w, https:\/\/h35.ro\/wp-content\/uploads\/2023\/08\/02-300x240.jpg 300w, https:\/\/h35.ro\/wp-content\/uploads\/2023\/08\/02-1024x819.jpg 1024w, https:\/\/h35.ro\/wp-content\/uploads\/2023\/08\/02-768x614.jpg 768w, https:\/\/h35.ro\/wp-content\/uploads\/2023\/08\/02-1536x1229.jpg 1536w, https:\/\/h35.ro\/wp-content\/uploads\/2023\/08\/02-2048x1638.jpg 2048w, https:\/\/h35.ro\/wp-content\/uploads\/2023\/08\/02-700x560.jpg 700w\" sizes=\"auto, (max-width: 2560px) 100vw, 2560px\" \/>\t\t\t\t\t\t<span class=\"aig-gallery-hover\">\n\t\t\t\t\t\t\t\t\t\t\t\t\t<\/span>\n\t\t\t\t\t\t\t\t\t<\/div>\n\t\t\t<\/div>\n\t\t\t<\/div>\n<\/div>[\/vc_column][vc_column width=&#8221;1\/2&#8243;][qode_elements_holder number_of_columns=&#8221;two_columns&#8221;][qode_elements_holder_item vertical_alignment=&#8221;middle&#8221; advanced_animations=&#8221;no&#8221; item_padding=&#8221;0 8% 0 0&#8243; item_padding_1024_1280=&#8221;0 9% 0 0&#8243; item_padding_768_1024=&#8221;0 6% 0 0&#8243; item_padding_600_768=&#8221;0 0 52px 0&#8243; item_padding_480_600=&#8221;0 0 52px 0&#8243; item_padding_480=&#8221;0 0 52px 0&#8243;][vc_column_text]<\/p>\n<h3>Misiune<\/h3>\n<p>[\/vc_column_text][vc_empty_space height=&#8221;12px&#8221;][vc_column_text]Prin proiectele noastre reziden\u021biale ne dorim s\u0103 le oferim clien\u021bilor o experien\u021ba de locuire complexa, proiectata modern, cu adaptabilitate \u0219i minimizand compromisurile. Ne dedic\u0103m scopul de a inspira independen\u021b\u0103 \u0219i calitate superioar\u0103, \u0219i de a le demonstra c\u0103 acas\u0103 e mai mult decat o casa, este o experienta.<\/p>\n<p>[\/vc_column_text][vc_empty_space height=&#8221;8px&#8221;][\/qode_elements_holder_item][\/qode_elements_holder][\/vc_column][\/vc_row][vc_row css_animation=&#8221;&#8221; row_type=&#8221;row&#8221; use_row_as_full_screen_section=&#8221;no&#8221; type=&#8221;grid&#8221; angled_section=&#8221;no&#8221; text_align=&#8221;center&#8221; background_image_as_pattern=&#8221;without_pattern&#8221; anchor=&#8221;indetaliu&#8221; css=&#8221;.vc_custom_1691923541928{padding-top: 70px !important;padding-bottom: 70px !important;background-color: #f6f6f6 !important;}&#8221; z_index=&#8221;&#8221;][vc_column css=&#8221;.vc_custom_1467108142607{padding-right: 5% !important;padding-left: 5% !important;}&#8221; offset=&#8221;vc_col-lg-offset-2 vc_col-lg-8 vc_col-md-offset-1 vc_col-md-10&#8243;][vc_column_text]<\/p>\n<h2>Galerie<\/h2>\n<p>[\/vc_column_text][\/vc_column][\/vc_row][vc_row css_animation=&#8221;&#8221; row_type=&#8221;row&#8221; use_row_as_full_screen_section=&#8221;no&#8221; type=&#8221;full_width&#8221; angled_section=&#8221;no&#8221; text_align=&#8221;left&#8221; background_image_as_pattern=&#8221;without_pattern&#8221; css=&#8221;.vc_custom_1467386858965{padding-bottom: 39px !important;background-color: #f6f6f6 !important;}&#8221;][vc_column][qode_elements_holder number_of_columns=&#8221;one_column&#8221;][qode_elements_holder_item advanced_animations=&#8221;no&#8221; item_padding=&#8221;0 12px&#8221;][vc_gallery type=&#8221;image_grid&#8221; images=&#8221;16023,16024,16025,16026,16027&#8243; column_number=&#8221;5&#8243; grayscale=&#8221;no&#8221; images_space=&#8221;gallery_with_space&#8221;][\/qode_elements_holder_item][\/qode_elements_holder][\/vc_column][\/vc_row][vc_row css_animation=&#8221;&#8221; row_type=&#8221;row&#8221; use_row_as_full_screen_section=&#8221;no&#8221; type=&#8221;grid&#8221; angled_section=&#8221;no&#8221; text_align=&#8221;left&#8221; background_image_as_pattern=&#8221;without_pattern&#8221; anchor=&#8221;apartamente&#8221; css=&#8221;.vc_custom_1690890722115{padding-top: 155px !important;padding-bottom: 42px !important;}&#8221; z_index=&#8221;&#8221;][vc_column offset=&#8221;vc_col-lg-4 vc_col-md-4&#8243;]<div class='q_icon_with_title tiny normal_icon '><div class=\"icon_holder \" style=\" \"><span data-icon-type=\"normal\"   style=\"\" class=\"qode_iwt_icon_holder q_font_awsome_icon fa-lg  \"><i class=\"qode_icon_font_awesome_5 fa5 fa fa-monument qode_iwt_icon_element\" style=\"\" ><\/i><\/span><\/div><div class=\"icon_text_holder\" style=\"\"><div class=\"icon_text_inner\" style=\"\"><h5 class=\"icon_title\" style=\"\">2 camere<\/h5><p style=''>Aceste apartamente au fost proiectate cu scopul de a minimiza compromisurile si de a satisface dorin\u021bele unui cuplu t\u00e2n\u0103r, independent si practic.<\/p><\/div><\/div><\/div>[vc_empty_space height=&#8221;27px&#8221;][\/vc_column][vc_column offset=&#8221;vc_col-lg-4 vc_col-md-4&#8243;]<div class='q_icon_with_title tiny normal_icon '><div class=\"icon_holder \" style=\" \"><span data-icon-type=\"normal\"   style=\"\" class=\"qode_iwt_icon_holder q_font_awsome_icon fa-lg  \"><i class=\"qode_icon_font_awesome_5 fa5 fa fa-building qode_iwt_icon_element\" style=\"\" ><\/i><\/span><\/div><div class=\"icon_text_holder\" style=\"\"><div class=\"icon_text_inner\" style=\"\"><h5 class=\"icon_title\" style=\"\">3 camere<\/h5><p style=''>Avem disponibile in imobil trei variante de apartamente cu 3 camere, fiecare optimiz\u00e2nd spa\u021biul disponibil prin o proiectare moderna, complexa, adaptabila la experien\u021ba actual\u0103 de locuire.<\/p><\/div><\/div><\/div>[vc_empty_space height=&#8221;27px&#8221;][\/vc_column][vc_column offset=&#8221;vc_col-lg-4 vc_col-md-4&#8243;]<div class='q_icon_with_title tiny normal_icon '><div class=\"icon_holder \" style=\" \"><span data-icon-type=\"normal\"   style=\"\" class=\"qode_iwt_icon_holder q_font_awsome_icon fa-lg  \"><i class=\"qode_icon_font_awesome_5 fa5 fa fa-hotel qode_iwt_icon_element\" style=\"\" ><\/i><\/span><\/div><div class=\"icon_text_holder\" style=\"\"><div class=\"icon_text_inner\" style=\"\"><h5 class=\"icon_title\" style=\"\">4 camere<\/h5><p style=''>Acestea se g\u0103sesc la parter si la ultimul etaj. Cel de la parter dispune de o curte generoasa, comparativa cu un town-house dar la o distanta rezonabila de centrul ora\u0219ului. Iar cel de la ultimul etaj beneficiaz\u0103 de spatii interioare si exterioare generoase, perfecte pentru familii numeroase.<\/p><\/div><\/div><\/div>[vc_empty_space height=&#8221;27px&#8221;][\/vc_column][\/vc_row][vc_row css_animation=&#8221;&#8221; row_type=&#8221;row&#8221; use_row_as_full_screen_section=&#8221;no&#8221; type=&#8221;grid&#8221; angled_section=&#8221;no&#8221; text_align=&#8221;left&#8221; background_image_as_pattern=&#8221;without_pattern&#8221; css=&#8221;.vc_custom_1467386082681{padding-bottom: 97px !important;}&#8221;][vc_column offset=&#8221;vc_col-lg-4 vc_col-md-4&#8243;]<div class='q_icon_with_title tiny normal_icon '><div class=\"icon_holder \" style=\" \"><span data-icon-type=\"normal\"   style=\"\" class=\"qode_iwt_icon_holder q_font_awsome_icon fa-lg  \"><i class=\"qode_icon_font_awesome_5 fa5 fa fa-square-parking qode_iwt_icon_element\" style=\"\" ><\/i><\/span><\/div><div class=\"icon_text_holder\" style=\"\"><div class=\"icon_text_inner\" style=\"\"><h5 class=\"icon_title\" style=\"\">Parcaj subteran<\/h5><p style=''>Disponibile 10 locuri de parcare, cu acces facil c\u0103tre apartamente, liftul av\u00e2nd sta\u021bie \u0219i la subsol. Accesul se face din strada Heliade \u00eentre Vii.<\/p><\/div><\/div><\/div>[vc_empty_space height=&#8221;27px&#8221;][\/vc_column][vc_column offset=&#8221;vc_col-lg-4 vc_col-md-4&#8243;]<div class='q_icon_with_title tiny normal_icon '><div class=\"icon_holder \" style=\" \"><span data-icon-type=\"normal\"   style=\"\" class=\"qode_iwt_icon_holder q_font_awsome_icon fa-lg  \"><i class=\"qode_icon_font_awesome_5 fa5 fa fa-square-parking qode_iwt_icon_element\" style=\"\" ><\/i><\/span><\/div><div class=\"icon_text_holder\" style=\"\"><div class=\"icon_text_inner\" style=\"\"><h5 class=\"icon_title\" style=\"\">Parcaj interior<\/h5><p style=''>Disponibile 4 locuri de parcare \u00een incinta imobilului, cu acces facil c\u0103tre apartamente. Accesul se face din strada Cri\u0219ul Negru.<\/p><\/div><\/div><\/div>[vc_empty_space height=&#8221;27px&#8221;][\/vc_column][vc_column offset=&#8221;vc_col-lg-4 vc_col-md-4&#8243;]<div class='q_icon_with_title tiny normal_icon '><div class=\"icon_holder \" style=\" \"><span data-icon-type=\"normal\"   style=\"\" class=\"qode_iwt_icon_holder q_font_awsome_icon fa-lg  \"><i class=\"qode_icon_font_awesome_5 fa5 fa fa-square-parking qode_iwt_icon_element\" style=\"\" ><\/i><\/span><\/div><div class=\"icon_text_holder\" style=\"\"><div class=\"icon_text_inner\" style=\"\"><h5 class=\"icon_title\" style=\"\">Parcaj exterior<\/h5><p style=''>Doua locuri de parcare disponibile, cu acces din strada Crisul Negru.<\/p><\/div><\/div><\/div>[vc_empty_space height=&#8221;27px&#8221;][\/vc_column][\/vc_row][vc_row css_animation=&#8221;&#8221; row_type=&#8221;row&#8221; use_row_as_full_screen_section=&#8221;yes&#8221; type=&#8221;full_width&#8221; angled_section=&#8221;no&#8221; text_align=&#8221;left&#8221; background_image_as_pattern=&#8221;without_pattern&#8221; z_index=&#8221;&#8221; padding_top=&#8221;10&#8243;][vc_column][vc_tta_pageable no_fill_content_area=&#8221;true&#8221; autoplay=&#8221;5&#8243; active_section=&#8221;1&#8243; pagination_color=&#8221;black&#8221; css_animation=&#8221;fadeInDown&#8221;][vc_tta_section title=&#8221;Section 1&#8243; tab_id=&#8221;1692083371086-eba195f4-6973&#8243;][vc_single_image image=&#8221;16054&#8243; img_size=&#8221;full&#8221; alignment=&#8221;center&#8221; qode_css_animation=&#8221;&#8221; title=&#8221;Parter&#8221;][\/vc_tta_section][vc_tta_section title=&#8221;Section 2&#8243; tab_id=&#8221;1692083371118-55d064de-ffe4&#8243;][vc_single_image image=&#8221;16052&#8243; img_size=&#8221;full&#8221; alignment=&#8221;center&#8221; onclick=&#8221;zoom&#8221; qode_css_animation=&#8221;&#8221; title=&#8221;Etaj 1&#8243;][\/vc_tta_section][vc_tta_section title=&#8221;Section 3&#8243; tab_id=&#8221;1692083450077-ccba8954-7cc5&#8243;][vc_single_image image=&#8221;16052&#8243; img_size=&#8221;full&#8221; alignment=&#8221;center&#8221; qode_css_animation=&#8221;&#8221; title=&#8221;Etaj 2&#8243;][\/vc_tta_section][vc_tta_section title=&#8221;Section 4&#8243; tab_id=&#8221;1692083448008-8da3f07a-25a6&#8243;][vc_single_image image=&#8221;16052&#8243; img_size=&#8221;full&#8221; alignment=&#8221;center&#8221; qode_css_animation=&#8221;&#8221; title=&#8221;Etaj 3&#8243;][\/vc_tta_section][vc_tta_section title=&#8221;Section 5&#8243; tab_id=&#8221;1692083482927-4c89a6c9-2354&#8243;][vc_single_image image=&#8221;16053&#8243; img_size=&#8221;full&#8221; alignment=&#8221;center&#8221; qode_css_animation=&#8221;&#8221; title=&#8221;Etaj 4&#8243;][\/vc_tta_section][\/vc_tta_pageable][\/vc_column][\/vc_row][vc_row css_animation=&#8221;&#8221; row_type=&#8221;row&#8221; use_row_as_full_screen_section=&#8221;no&#8221; type=&#8221;grid&#8221; angled_section=&#8221;no&#8221; text_align=&#8221;left&#8221; background_image_as_pattern=&#8221;without_pattern&#8221; anchor=&#8221;contact&#8221; css=&#8221;.vc_custom_1690891242543{padding-top: 118px !important;padding-bottom: 23px !important;background-color: #f6f6f6 !important;}&#8221; z_index=&#8221;&#8221;][vc_column offset=&#8221;vc_col-lg-6 vc_col-md-6&#8243;][vc_empty_space height=&#8221;5px&#8221;][vc_column_text]<\/p>\n<h3>Cere\u021bi o ofert\u0103<\/h3>\n<p>[\/vc_column_text][vc_empty_space height=&#8221;12px&#8221;][vc_column_text]Pentru o ofert\u0103 de pre\u021b personalizat\u0103, v\u0103 rug\u0103m s\u0103 completa\u021bi formularul de mai jos \u0219i \u00een scurt timp ve\u021bi fi contactat de unul din reprezentan\u021bii no\u0219tri de v\u00e2nz\u0103ri, ce v\u0103 vor ajuta s\u0103 face\u021bi alegerea perfect\u0103 pentru dumneavoastr\u0103.[\/vc_column_text][vc_empty_space height=&#8221;22px&#8221;]\n<div class=\"wpcf7 no-js\" id=\"wpcf7-f15951-o1\" lang=\"en-US\" dir=\"ltr\">\n<div class=\"screen-reader-response\"><p role=\"status\" aria-live=\"polite\" aria-atomic=\"true\"><\/p> <ul><\/ul><\/div>\n<form action=\"\/index.php\/wp-json\/wp\/v2\/pages\/16064#wpcf7-f15951-o1\" method=\"post\" class=\"wpcf7-form init cf7_custom_style_1\" aria-label=\"Contact form\" novalidate=\"novalidate\" data-status=\"init\">\n<div style=\"display: none;\">\n<input type=\"hidden\" name=\"_wpcf7\" value=\"15951\" \/>\n<input type=\"hidden\" name=\"_wpcf7_version\" value=\"5.8\" \/>\n<input type=\"hidden\" name=\"_wpcf7_locale\" value=\"en_US\" \/>\n<input type=\"hidden\" name=\"_wpcf7_unit_tag\" value=\"wpcf7-f15951-o1\" \/>\n<input type=\"hidden\" name=\"_wpcf7_container_post\" value=\"0\" \/>\n<input type=\"hidden\" name=\"_wpcf7_posted_data_hash\" value=\"\" \/>\n<\/div>\n<label> Nume\n    <span class=\"wpcf7-form-control-wrap\" data-name=\"your-name\"><input size=\"40\" class=\"wpcf7-form-control wpcf7-text wpcf7-validates-as-required\" autocomplete=\"name\" aria-required=\"true\" aria-invalid=\"false\" value=\"\" type=\"text\" name=\"your-name\" \/><\/span> <\/label>\n\n<label> Telefon\n<span class=\"wpcf7-form-control-wrap\" data-name=\"Telefon\"><input size=\"40\" class=\"wpcf7-form-control wpcf7-tel wpcf7-text wpcf7-validates-as-tel\" aria-invalid=\"false\" value=\"\" type=\"tel\" name=\"Telefon\" \/><\/span> <\/label>\n\n<label> Email\n    <span class=\"wpcf7-form-control-wrap\" data-name=\"your-email\"><input size=\"40\" class=\"wpcf7-form-control wpcf7-email wpcf7-validates-as-required wpcf7-text wpcf7-validates-as-email\" autocomplete=\"email\" aria-required=\"true\" aria-invalid=\"false\" value=\"\" type=\"email\" name=\"your-email\" \/><\/span> <\/label>\n\n<label> Subiect\n    <span class=\"wpcf7-form-control-wrap\" data-name=\"your-subject\"><input size=\"40\" class=\"wpcf7-form-control wpcf7-text wpcf7-validates-as-required\" aria-required=\"true\" aria-invalid=\"false\" value=\"\" type=\"text\" name=\"your-subject\" \/><\/span> <\/label>\n\n<label> Mesaj (optional)\n    <span class=\"wpcf7-form-control-wrap\" data-name=\"your-message\"><textarea cols=\"40\" rows=\"10\" class=\"wpcf7-form-control wpcf7-textarea\" aria-invalid=\"false\" name=\"your-message\"><\/textarea><\/span> <\/label>\n\n<input class=\"wpcf7-form-control wpcf7-submit has-spinner\" type=\"submit\" value=\"Trimite\" \/><p style=\"display: none !important;\" class=\"akismet-fields-container\" data-prefix=\"_wpcf7_ak_\"><label>&#916;<textarea name=\"_wpcf7_ak_hp_textarea\" cols=\"45\" rows=\"8\" maxlength=\"100\"><\/textarea><\/label><input type=\"hidden\" id=\"ak_js_1\" name=\"_wpcf7_ak_js\" value=\"248\"\/><script>document.getElementById( \"ak_js_1\" ).setAttribute( \"value\", ( new Date() ).getTime() );<\/script><\/p><div class=\"wpcf7-response-output\" aria-hidden=\"true\"><\/div>\n<\/form>\n<\/div>\n[vc_empty_space height=&#8221;58px&#8221;][\/vc_column][vc_column css=&#8221;.vc_custom_1467622389569{padding-right: 10% !important;padding-left: 10% !important;}&#8221; offset=&#8221;vc_col-lg-6 vc_col-md-6&#8243;][vc_empty_space height=&#8221;58px&#8221;][vc_gmaps link=&#8221;#E-8_JTNDaWZyYW1lJTIwc3JjJTNEJTIyaHR0cHMlM0ElMkYlMkZ3d3cuZ29vZ2xlLmNvbSUyRm1hcHMlMkZlbWJlZCUzRnBiJTNEJTIxMW0xOCUyMTFtMTIlMjExbTMlMjExZDExMzkxLjQ2NzEyNDgwODYyOSUyMTJkMjYuMTMzMzcyOTAyNDI1MDc2JTIxM2Q0NC40NTY0MDI4NDQ3MzkxOTUlMjEybTMlMjExZjAlMjEyZjAlMjEzZjAlMjEzbTIlMjExaTEwMjQlMjEyaTc2OCUyMTRmMTMuMSUyMTNtMyUyMTFtMiUyMTFzMHg0MGIxZjk3NTQ2YmM5NzFiJTI1M0EweGE1YmRhZjYyMzc1OWMyYWUlMjEyc0gzNSUyNTIwYnklMjUyMEFscGhhYmV0JTI1MjBSZXNpZGVudGlhbCUyMTVlMCUyMTNtMiUyMTFzZW4lMjEyc3JvJTIxNHYxNjkyMDEyMDUxODU4JTIxNW0yJTIxMXNlbiUyMTJzcm8lMjIlMjB3aWR0aCUzRCUyMjYwMCUyMiUyMGhlaWdodCUzRCUyMjQ1MCUyMiUyMHN0eWxlJTNEJTIyYm9yZGVyJTNBMCUzQiUyMiUyMGFsbG93ZnVsbHNjcmVlbiUzRCUyMiUyMiUyMGxvYWRpbmclM0QlMjJsYXp5JTIyJTIwcmVmZXJyZXJwb2xpY3klM0QlMjJuby1yZWZlcnJlci13aGVuLWRvd25ncmFkZSUyMiUzRSUzQyUyRmlmcmFtZSUzRQ==&#8221;][vc_empty_space height=&#8221;58px&#8221;][\/vc_column][\/vc_row]<\/p>\n<\/section>","protected":false},"excerpt":{"rendered":"<p>[vc_row css_animation=&#8221;&#8221; row_type=&#8221;row&#8221; use_row_as_full_screen_section=&#8221;no&#8221; type=&#8221;grid&#8221; angled_section=&#8221;no&#8221; text_align=&#8221;left&#8221; background_image_as_pattern=&#8221;without_pattern&#8221; css=&#8221;.vc_custom_1691934933229{padding-top: 155px !important;padding-bottom: 141px !important;}&#8221; z_index=&#8221;&#8221;][vc_column width=&#8221;1\/2&#8243;][\/vc_column][vc_column width=&#8221;1\/2&#8243;][qode_elements_holder number_of_columns=&#8221;two_columns&#8221;][qode_elements_holder_item vertical_alignment=&#8221;middle&#8221; advanced_animations=&#8221;no&#8221; item_padding=&#8221;0 8% 0 0&#8243; item_padding_1024_1280=&#8221;0 9% 0 0&#8243; item_padding_768_1024=&#8221;0 6% 0 0&#8243; item_padding_600_768=&#8221;0 0 52px 0&#8243; item_padding_480_600=&#8221;0 0 52px 0&#8243; item_padding_480=&#8221;0 0 52px 0&#8243;][vc_column_text] Misiune [\/vc_column_text][vc_empty_space&#8230;<\/p>\n","protected":false},"author":1,"featured_media":0,"parent":0,"menu_order":0,"comment_status":"closed","ping_status":"closed","template":"","meta":{"content-type":"","footnotes":""},"class_list":["post-16064","page","type-page","status-publish","hentry"],"_links":{"self":[{"href":"https:\/\/h35.ro\/index.php\/wp-json\/wp\/v2\/pages\/16064","targetHints":{"allow":["GET"]}}],"collection":[{"href":"https:\/\/h35.ro\/index.php\/wp-json\/wp\/v2\/pages"}],"about":[{"href":"https:\/\/h35.ro\/index.php\/wp-json\/wp\/v2\/types\/page"}],"author":[{"embeddable":true,"href":"https:\/\/h35.ro\/index.php\/wp-json\/wp\/v2\/users\/1"}],"replies":[{"embeddable":true,"href":"https:\/\/h35.ro\/index.php\/wp-json\/wp\/v2\/comments?post=16064"}],"version-history":[{"count":3,"href":"https:\/\/h35.ro\/index.php\/wp-json\/wp\/v2\/pages\/16064\/revisions"}],"predecessor-version":[{"id":16066,"href":"https:\/\/h35.ro\/index.php\/wp-json\/wp\/v2\/pages\/16064\/revisions\/16066"}],"wp:attachment":[{"href":"https:\/\/h35.ro\/index.php\/wp-json\/wp\/v2\/media?parent=16064"}],"curies":[{"name":"wp","href":"https:\/\/api.w.org\/{rel}","templated":true}]}}